{"id":30061,"date":"2019-08-07T16:47:40","date_gmt":"2019-08-07T16:53:22","guid":{"rendered":"https:\/\/maquinassaomarcos.com\/?post_type=product&#038;p=30061"},"modified":"2019-08-07T16:53:22","modified_gmt":"2019-08-07T16:53:22","slug":"packer-girpack-12-25","status":"publish","type":"product","link":"https:\/\/maquinassaomarcos.com\/en\/produtos\/packer-girpack-12-25\/","title":{"rendered":"Packer Girpack 12.25"},"content":{"rendered":"<p>PACKER GIRPACK 12.25<br \/>\nPacker for stretchable packer film GIRPACK 12.25<\/p>\n<p>length Carpet 2000mm<br \/>\nwidth  800 \u00e0 900mm<br \/>\nthickness of pieces 45mm<br \/>\nLoudness  40 \u00e0 70kg<br \/>\nCadence 1 \u00e0 2 doors \/min<\/p>\n","protected":false},"excerpt":{"rendered":"<p>PACKER GIRPACK 12.25 Packer for stretchable packer film GIRPACK 12.25 length Carpet 2000mm width 800 \u00e0 900mm thickness of pieces 45mm Loudness 40 \u00e0 70kg Cadence 1 \u00e0 2 doors \/min<\/p>\n","protected":false},"featured_media":30097,"template":"","meta":[],"product_cat":[238,247],"product_tag":[],"class_list":["post-30061","product","type-product","status-publish","has-post-thumbnail","hentry","product_cat-other","product_cat-used"],"_links":{"self":[{"href":"https:\/\/maquinassaomarcos.com\/en\/wp-json\/wp\/v2\/product\/30061","targetHints":{"allow":["GET"]}}],"collection":[{"href":"https:\/\/maquinassaomarcos.com\/en\/wp-json\/wp\/v2\/product"}],"about":[{"href":"https:\/\/maquinassaomarcos.com\/en\/wp-json\/wp\/v2\/types\/product"}],"wp:featuredmedia":[{"embeddable":true,"href":"https:\/\/maquinassaomarcos.com\/en\/wp-json\/wp\/v2\/media\/30097"}],"wp:attachment":[{"href":"https:\/\/maquinassaomarcos.com\/en\/wp-json\/wp\/v2\/media?parent=30061"}],"wp:term":[{"taxonomy":"product_cat","embeddable":true,"href":"https:\/\/maquinassaomarcos.com\/en\/wp-json\/wp\/v2\/product_cat?post=30061"},{"taxonomy":"product_tag","embeddable":true,"href":"https:\/\/maquinassaomarcos.com\/en\/wp-json\/wp\/v2\/product_tag?post=30061"}],"curies":[{"name":"wp","href":"https:\/\/api.w.org\/{rel}","templated":true}]}}