{"id":27252,"date":"2018-07-26T11:04:59","date_gmt":"2018-07-26T11:04:59","guid":{"rendered":"https:\/\/maquinassaomarcos.com\/?page_id=27252"},"modified":"2018-07-30T13:23:49","modified_gmt":"2018-07-30T13:23:49","slug":"politique-de-confidentialite","status":"publish","type":"page","link":"https:\/\/maquinassaomarcos.com\/fr\/politique-de-confidentialite\/","title":{"rendered":"Politique de confidentialit\u00e9"},"content":{"rendered":"<p>&nbsp;<\/p>\n<p>Data efetiva: Julho 26, 2018<\/p>\n<p>Esta p\u00e1gina informa sobre as nossas pol\u00edticas relativas \u00e0 coleta, uso e divulga\u00e7\u00e3o de dados pessoais que utiliza no nosso Servi\u00e7o e as op\u00e7\u00f5es que associou a esses dados.<\/p>\n<p>Usamos os seus dados para fornecer e melhorar o servi\u00e7o. Ao usar o Servi\u00e7o, voc\u00ea concorda com a coleta e uso de informa\u00e7\u00f5es de acordo com esta pol\u00edtica. A menos que definido de outra forma nesta Pol\u00edtica de Privacidade, os termos usados nesta Pol\u00edtica de Privacidade t\u00eam os mesmos significados que os nossos Termos e Condi\u00e7\u00f5es.<\/p>\n<p><strong>Coleta de Informa\u00e7\u00f5es e Uso<\/strong><\/p>\n<p>Coletamos v\u00e1rios tipos diferentes de informa\u00e7\u00f5es para v\u00e1rias finalidades para fornecer e melhorar o nosso Servi\u00e7o para si.<\/p>\n<h2><strong>Tipos de dados coletados<\/strong><\/h2>\n<p><strong>Dados pessoais<\/strong><\/p>\n<p>Ao usar o nosso Servi\u00e7o, podemos solicitar que voc\u00ea nos forne\u00e7a algumas informa\u00e7\u00f5es pessoais identific\u00e1veis que podem ser usadas para contat\u00e1-lo ou identific\u00e1-lo (\u201cDados Pessoais\u201d). Informa\u00e7\u00f5es pessoalmente identific\u00e1veis podem incluir, mas n\u00e3o est\u00e3o limitadas a:<\/p>\n<p>Endere\u00e7o de Email<br \/>\nPrimeiro nome e sobrenome<br \/>\nN\u00famero de telefone<br \/>\nEndere\u00e7o, C\u00f3digo Postal, Cidade<br \/>\nCookies e Dados de Uso<\/p>\n<p><strong>Dados de uso<\/strong><\/p>\n<p>Tamb\u00e9m podemos coletar informa\u00e7\u00f5es sobre como o Servi\u00e7o \u00e9 acessado e usado (\u201cDados de Uso\u201d). Esses Dados de Uso podem incluir informa\u00e7\u00f5es como o endere\u00e7o IP do seu computador, tipo de navegador, vers\u00e3o do navegador, as p\u00e1ginas do nosso Servi\u00e7o que voc\u00ea visita, a hora e data de sua visita, o tempo gasto nessas p\u00e1ginas identificadores de dispositivos e outros dados de diagn\u00f3stico.<\/p>\n<p><strong>Rastreamento e dados de cookies<\/strong><\/p>\n<p>Usamos cookies e tecnologias de rastreamento semelhantes para rastrear a atividade no nosso Servi\u00e7o e manter certas informa\u00e7\u00f5es.<\/p>\n<p>Cookies s\u00e3o arquivos com pequena quantidade de dados que podem incluir um identificador exclusivo an\u00f4nimo. Os cookies s\u00e3o enviados para o seu navegador a partir de um site e armazenados no seu dispositivo. As tecnologias de rastreamento tamb\u00e9m usadas s\u00e3o beacons, tags e scripts para coletar e rastrear informa\u00e7\u00f5es e para melhorar e analisar o nosso Servi\u00e7o.<\/p>\n<p>Voc\u00ea pode instruir o seu navegador para recusar todos os cookies ou para indicar quando um cookie est\u00e1 sendo enviado. No entanto, se voc\u00ea n\u00e3o aceitar cookies, talvez n\u00e3o consiga usar algumas partes de nosso Servi\u00e7o.<\/p>\n<p>Exemplos de Cookies utilizados:<\/p>\n<p>Cookies de sess\u00e3o. Usamos cookies de sess\u00e3o para operar o nosso servi\u00e7o.<br \/>\nCookies preferenciais. Usamos cookies preferenciais para lembrar as suas prefer\u00eancias e v\u00e1rias configura\u00e7\u00f5es.<br \/>\nCookies de seguran\u00e7a. N\u00f3s usamos cookies de seguran\u00e7a para fins de seguran\u00e7a.<\/p>\n<p><strong>Uso de dados<\/strong><\/p>\n<p>A M\u00e1quinas S\u00e3o Marcos usa os dados coletados para diversos fins:<\/p>\n<p>Para fornecer e manter o servi\u00e7o<br \/>\nPara notific\u00e1-lo sobre altera\u00e7\u00f5es no nosso servi\u00e7o<br \/>\nPara permitir que voc\u00ea participe de recursos interativos de nosso Servi\u00e7o ao optar por faz\u00ea-lo<br \/>\nPara fornecer atendimento ao cliente e suporte<br \/>\nPara fornecer an\u00e1lises ou informa\u00e7\u00f5es valiosas para que possamos melhorar o servi\u00e7o<br \/>\nPara monitorar o uso do servi\u00e7o<br \/>\nPara detetar, prevenir e resolver problemas t\u00e9cnicos<\/p>\n<p><strong>Transfer\u00eancia de dados<\/strong><\/p>\n<p>As suas informa\u00e7\u00f5es, incluindo Dados Pessoais, podem ser transferidas para \u2013 e mantidas em \u2013 computadores localizados fora da sua cidade, pa\u00eds ou outra jurisdi\u00e7\u00e3o governamental, onde as leis de prote\u00e7\u00e3o de dados podem ser diferentes das da sua jurisdi\u00e7\u00e3o.<\/p>\n<p>Se estiver localizado fora de Portugal e optar por fornecer informa\u00e7\u00f5es para n\u00f3s, tenha em aten\u00e7\u00e3o que transferimos os dados, incluindo Dados Pessoais, para Portugal e processamos o mesmo.<\/p>\n<p>O seu consentimento para com esta Pol\u00edtica de Privacidade, seguido pelo envio de tais informa\u00e7\u00f5es, representa sua concord\u00e2ncia com essa transfer\u00eancia.<\/p>\n<p>A M\u00e1quinas S\u00e3o Marcos tomar\u00e1 todas as medidas razoavelmente necess\u00e1rias para garantir que seus dados sejam tratados com seguran\u00e7a e de acordo com esta Pol\u00edtica de Privacidade e nenhuma transfer\u00eancia de seus Dados Pessoais ocorrer\u00e1 a uma organiza\u00e7\u00e3o ou pa\u00eds, a menos que haja controles adequados, incluindo a seguran\u00e7a de seus dados e outras informa\u00e7\u00f5es pessoais.<\/p>\n<h2><strong>Divulga\u00e7\u00e3o de Dados<\/strong><\/h2>\n<p><strong>Requerimentos legais<\/strong><\/p>\n<p>A M\u00e1quinas S\u00e3o Marcos pode divulgar os seus Dados Pessoais na cren\u00e7a de boa f\u00e9 de que tal a\u00e7\u00e3o \u00e9 necess\u00e1ria para:<\/p>\n<p>Para cumprir uma obriga\u00e7\u00e3o legal<br \/>\nPara proteger e defender os direitos ou propriedade da M\u00e1quinas S\u00e3o Marcos<br \/>\nPara evitar ou investigar poss\u00edveis irregularidades relacionadas ao Servi\u00e7o<br \/>\nPara proteger a seguran\u00e7a pessoal dos utilizadores do servi\u00e7o ou do p\u00fablico<br \/>\nPara proteger contra responsabilidade legal<\/p>\n<p><strong>Seguran\u00e7a de dados<\/strong><\/p>\n<p>A seguran\u00e7a dos seus dados \u00e9 importante para n\u00f3s, mas lembre-se de que nenhum m\u00e9todo de transmiss\u00e3o pela Internet ou m\u00e9todo de armazenamento eletr\u00f4nico \u00e9 100% seguro. Embora nos esforcemos para usar meios comercialmente aceit\u00e1veis para proteger seus dados pessoais, n\u00e3o podemos garantir a sua seguran\u00e7a absoluta.<\/p>\n<p><strong>Provedores de servi\u00e7o<\/strong><\/p>\n<p>Podemos empregar empresas e indiv\u00edduos terceirizados para facilitar o nosso Servi\u00e7o (\u201cPrestadores de Servi\u00e7os\u201d), para fornecer o Servi\u00e7o em nosso nome, para executar servi\u00e7os relacionados ao Servi\u00e7o ou para nos auxiliar na an\u00e1lise de como o nosso Servi\u00e7o \u00e9 utilizado.<\/p>\n<p>Esses terceiros t\u00eam acesso aos seus Dados Pessoais somente para realizar essas tarefas em nosso nome e s\u00e3o obrigados a n\u00e3o os divulgar ou us\u00e1-los para qualquer outra finalidade.<\/p>\n<p><strong>Analytics<\/strong><\/p>\n<p>Podemos usar prestadores de servi\u00e7os terceirizados para monitorar e analisar o uso do nosso servi\u00e7o.<\/p>\n<p><strong>Google Analytics<\/strong><\/p>\n<p>O Google Analytics \u00e9 um servi\u00e7o de an\u00e1lise da web oferecido pelo Google que rastreia e relata o tr\u00e1fego do website. O Google usa os dados coletados para rastrear e monitorar o uso do nosso servi\u00e7o. Esses dados s\u00e3o compartilhados com outros servi\u00e7os do Google. O Google pode usar os dados coletados para contextualizar e personalizar os an\u00fancios de sua pr\u00f3pria rede de publicidade.<\/p>\n<p>Voc\u00ea pode desativar a disponibilidade de sua atividade no Servi\u00e7o para o Google Analytics instalando o complemento do navegador para desativa\u00e7\u00e3o do Google Analytics. O complemento impede que o JavaScript do Google Analytics (ga.js, analytics.js e dc.js) compartilhe informa\u00e7\u00f5es com o Google Analytics sobre a atividade de visitas.<\/p>\n<p>Para mais informa\u00e7\u00f5es sobre as pr\u00e1ticas de privacidade do Google, visite a p\u00e1gina da web Privacidade e Termos do Google: https:\/\/policies.google.com\/privacy?hl=en<\/p>\n<p><strong>Links para outros sites<\/strong><\/p>\n<p>O nosso Servi\u00e7o pode conter links para outros sites que n\u00e3o s\u00e3o operados por n\u00f3s. Se voc\u00ea clicar em um link de terceiros, voc\u00ea ser\u00e1 direcionado para o site de terceiros. Recomendamos vivamente que reveja a Pol\u00edtica de Privacidade de todos os sites que visita.<\/p>\n<p>N\u00e3o temos controle e n\u00e3o assumimos nenhuma responsabilidade pelo conte\u00fado, pol\u00edticas de privacidade ou pr\u00e1ticas de quaisquer sites ou servi\u00e7os de terceiros.<\/p>\n<p><strong>Privacidade das crian\u00e7as<\/strong><\/p>\n<p>O nosso servi\u00e7o n\u00e3o atende a menores de 18 anos.<\/p>\n<p>N\u00e3o coletamos intencionalmente informa\u00e7\u00f5es de identifica\u00e7\u00e3o pessoal de menores de 18 anos. Se voc\u00ea \u00e9 pai \/ m\u00e3e ou respons\u00e1vel legal e est\u00e1 ciente de que seus filhos nos forneceram dados pessoais, entre em contato connosco. Se ficarmos cientes de que coletamos dados pessoais de crian\u00e7as sem a verifica\u00e7\u00e3o do consentimento dos pais, tomamos medidas para remover essas informa\u00e7\u00f5es de nossos servidores.<\/p>\n<p><strong>RAL<\/strong><\/p>\n<p>Em caso de lit\u00edgio, e ao abrigo do Dec. Lei 144\/2015, pode recorrer ao \u201cCentro de Arbitragem Institucionalizada, Av. da Boavista 2671, Porto. Mais informa\u00e7\u00f5es em Portal do Consumidor <a href=\"https:\/\/www.consumidor.gov.pt\/\" target=\"_blank\" rel=\"noopener\">www.consumidor.pt<\/a><\/p>\n<p><strong>Altera\u00e7\u00f5es a esta pol\u00edtica de privacidade<\/strong><\/p>\n<p>Podemos atualizar a nossa Pol\u00edtica de Privacidade de tempos em tempos. Vamos notific\u00e1-lo de quaisquer altera\u00e7\u00f5es, publicando a nova Pol\u00edtica de Privacidade nesta p\u00e1gina, na \u00e1rea da \u201cdata efetiva\u201d na parte superior desta Pol\u00edtica de Privacidade.<\/p>\n<p>Recomenda-se que voc\u00ea verifique esta Pol\u00edtica de Privacidade periodicamente para quaisquer altera\u00e7\u00f5es. Altera\u00e7\u00f5es a esta Pol\u00edtica de Privacidade s\u00e3o eficazes quando s\u00e3o publicadas nesta p\u00e1gina.<\/p>\n<p><strong>Contacte-nos<\/strong><\/p>\n<p>Se tiver alguma d\u00favida sobre esta Pol\u00edtica de Privacidade, entre em contato connosco para o email: maquinas.saomarcos@sapo.pt<\/p>\n<p>&nbsp;<\/p>\n","protected":false},"excerpt":{"rendered":"<p>&nbsp; Data efetiva: Julho 26, 2018 Esta p\u00e1gina informa sobre as nossas pol\u00edticas relativas \u00e0 coleta, uso e divulga\u00e7\u00e3o de dados pessoais que utiliza no nosso Servi\u00e7o e as op\u00e7\u00f5es que associou a esses dados. Usamos os seus dados para fornecer e melhorar o servi\u00e7o. Ao usar o Servi\u00e7o, voc\u00ea concorda com a coleta e [&hellip;]<\/p>\n","protected":false},"author":1,"featured_media":0,"parent":0,"menu_order":0,"comment_status":"closed","ping_status":"closed","template":"","meta":{"footnotes":""},"class_list":["post-27252","page","type-page","status-publish","hentry"],"_links":{"self":[{"href":"https:\/\/maquinassaomarcos.com\/fr\/wp-json\/wp\/v2\/pages\/27252","targetHints":{"allow":["GET"]}}],"collection":[{"href":"https:\/\/maquinassaomarcos.com\/fr\/wp-json\/wp\/v2\/pages"}],"about":[{"href":"https:\/\/maquinassaomarcos.com\/fr\/wp-json\/wp\/v2\/types\/page"}],"author":[{"embeddable":true,"href":"https:\/\/maquinassaomarcos.com\/fr\/wp-json\/wp\/v2\/users\/1"}],"replies":[{"embeddable":true,"href":"https:\/\/maquinassaomarcos.com\/fr\/wp-json\/wp\/v2\/comments?post=27252"}],"version-history":[{"count":5,"href":"https:\/\/maquinassaomarcos.com\/fr\/wp-json\/wp\/v2\/pages\/27252\/revisions"}],"predecessor-version":[{"id":27311,"href":"https:\/\/maquinassaomarcos.com\/fr\/wp-json\/wp\/v2\/pages\/27252\/revisions\/27311"}],"wp:attachment":[{"href":"https:\/\/maquinassaomarcos.com\/fr\/wp-json\/wp\/v2\/media?parent=27252"}],"curies":[{"name":"wp","href":"https:\/\/api.w.org\/{rel}","templated":true}]}}