{"id":26802,"date":"2018-05-21T20:58:10","date_gmt":"2018-05-21T20:58:10","guid":{"rendered":"https:\/\/maquinassaomarcos.com\/produtos\/machine-de-post-forming-griggio-compact\/"},"modified":"2020-10-21T14:17:42","modified_gmt":"2020-10-21T14:17:42","slug":"machine-de-post-forming-griggio-compact","status":"publish","type":"product","link":"https:\/\/maquinassaomarcos.com\/fr\/produtos\/machine-de-post-forming-griggio-compact\/","title":{"rendered":"Machine de Postforming Griggio Compact"},"content":{"rendered":"<p>Machine de postforming<\/p>\n<p>Marque: Griggio<\/p>\n<p>Mod\u00e8le: Compact<\/p>\n<p>Caract\u00e9ristiques t\u00e9chniques:<\/p>\n<ul>\n<li>Vitesse: 24000 rpm<\/li>\n<li>Puissance moteur: 0,5 hp<\/li>\n<li>\u00c9paisseur Panneau 10\/55 mm<\/li>\n<li>Voltage 230\/50 HZ monophasique<\/li>\n<li>Poid: 32 kg<\/li>\n<\/ul>\n","protected":false},"excerpt":{"rendered":"<p>Machine de postforming Marque: Griggio Mod\u00e8le: Compact Caract\u00e9ristiques t\u00e9chniques: Vitesse: 24000 rpm Puissance moteur: 0,5 hp \u00c9paisseur Panneau 10\/55 mm Voltage 230\/50 HZ monophasique Poid: 32 kg<\/p>\n","protected":false},"featured_media":22966,"template":"","meta":[],"product_cat":[236,213,242],"product_tag":[],"class_list":["post-26802","product","type-product","status-publish","has-post-thumbnail","hentry","product_cat-autres","product_cat-produits-em-vendette","product_cat-nouveau"],"_links":{"self":[{"href":"https:\/\/maquinassaomarcos.com\/fr\/wp-json\/wp\/v2\/product\/26802","targetHints":{"allow":["GET"]}}],"collection":[{"href":"https:\/\/maquinassaomarcos.com\/fr\/wp-json\/wp\/v2\/product"}],"about":[{"href":"https:\/\/maquinassaomarcos.com\/fr\/wp-json\/wp\/v2\/types\/product"}],"wp:featuredmedia":[{"embeddable":true,"href":"https:\/\/maquinassaomarcos.com\/fr\/wp-json\/wp\/v2\/media\/22966"}],"wp:attachment":[{"href":"https:\/\/maquinassaomarcos.com\/fr\/wp-json\/wp\/v2\/media?parent=26802"}],"wp:term":[{"taxonomy":"product_cat","embeddable":true,"href":"https:\/\/maquinassaomarcos.com\/fr\/wp-json\/wp\/v2\/product_cat?post=26802"},{"taxonomy":"product_tag","embeddable":true,"href":"https:\/\/maquinassaomarcos.com\/fr\/wp-json\/wp\/v2\/product_tag?post=26802"}],"curies":[{"name":"wp","href":"https:\/\/api.w.org\/{rel}","templated":true}]}}