{"id":26817,"date":"2018-05-17T10:22:09","date_gmt":"2018-05-17T10:22:09","guid":{"rendered":"https:\/\/maquinassaomarcos.com\/produtos\/affuteuse\/"},"modified":"2020-10-20T10:46:27","modified_gmt":"2020-10-20T10:46:27","slug":"affuteuse","status":"publish","type":"product","link":"https:\/\/maquinassaomarcos.com\/fr\/produtos\/affuteuse\/","title":{"rendered":"Aff\u00fbteuse"},"content":{"rendered":"<p>Aff\u00fbteuse pour l\u00e2mes.<\/p>\n","protected":false},"excerpt":{"rendered":"<p>Aff\u00fbteuse pour l\u00e2mes.<\/p>\n","protected":false},"featured_media":24082,"template":"","meta":[],"product_cat":[236,248],"product_tag":[],"class_list":["post-26817","product","type-product","status-publish","has-post-thumbnail","hentry","product_cat-autres","product_cat-occasion"],"_links":{"self":[{"href":"https:\/\/maquinassaomarcos.com\/fr\/wp-json\/wp\/v2\/product\/26817","targetHints":{"allow":["GET"]}}],"collection":[{"href":"https:\/\/maquinassaomarcos.com\/fr\/wp-json\/wp\/v2\/product"}],"about":[{"href":"https:\/\/maquinassaomarcos.com\/fr\/wp-json\/wp\/v2\/types\/product"}],"wp:featuredmedia":[{"embeddable":true,"href":"https:\/\/maquinassaomarcos.com\/fr\/wp-json\/wp\/v2\/media\/24082"}],"wp:attachment":[{"href":"https:\/\/maquinassaomarcos.com\/fr\/wp-json\/wp\/v2\/media?parent=26817"}],"wp:term":[{"taxonomy":"product_cat","embeddable":true,"href":"https:\/\/maquinassaomarcos.com\/fr\/wp-json\/wp\/v2\/product_cat?post=26817"},{"taxonomy":"product_tag","embeddable":true,"href":"https:\/\/maquinassaomarcos.com\/fr\/wp-json\/wp\/v2\/product_tag?post=26817"}],"curies":[{"name":"wp","href":"https:\/\/api.w.org\/{rel}","templated":true}]}}