{"id":26832,"date":"2018-05-17T11:52:33","date_gmt":"2018-05-17T11:52:33","guid":{"rendered":"https:\/\/maquinassaomarcos.com\/produtos\/machine-a-queue-daronde-frama\/"},"modified":"2020-10-22T11:31:25","modified_gmt":"2020-10-22T11:31:25","slug":"machine-a-queue-daronde-frama","status":"publish","type":"product","link":"https:\/\/maquinassaomarcos.com\/fr\/produtos\/machine-a-queue-daronde-frama\/","title":{"rendered":"Machine \u00e0 queue d\u2019aronde Frama"},"content":{"rendered":"<p>Machine a queue d&#8217;arronde<br \/>\nMarque: Frama<\/p>\n<p>Caract\u00e9ristiques T\u00e9cniques:<\/p>\n<ul>\n<li>Largeur utile de travail: 400 mm<\/li>\n<li>Mesure de la queue d&#8217;arronde: 24 mm<\/li>\n<li>Profondit\u00e9 max. de la queue d&#8217;arronde: 12 mm<\/li>\n<li>Hauteur max queue d&#8217;arronde: 12 mm<\/li>\n<\/ul>\n","protected":false},"excerpt":{"rendered":"<p>Machine a queue d&#8217;arronde Marque: Frama Caract\u00e9ristiques T\u00e9cniques: Largeur utile de travail: 400 mm Mesure de la queue d&#8217;arronde: 24 mm Profondit\u00e9 max. de la queue d&#8217;arronde: 12 mm Hauteur max queue d&#8217;arronde: 12 mm<\/p>\n","protected":false},"featured_media":24536,"template":"","meta":[],"product_cat":[248,237],"product_tag":[],"class_list":["post-26832","product","type-product","status-publish","has-post-thumbnail","hentry","product_cat-occasion","product_cat-primaire"],"_links":{"self":[{"href":"https:\/\/maquinassaomarcos.com\/fr\/wp-json\/wp\/v2\/product\/26832","targetHints":{"allow":["GET"]}}],"collection":[{"href":"https:\/\/maquinassaomarcos.com\/fr\/wp-json\/wp\/v2\/product"}],"about":[{"href":"https:\/\/maquinassaomarcos.com\/fr\/wp-json\/wp\/v2\/types\/product"}],"wp:featuredmedia":[{"embeddable":true,"href":"https:\/\/maquinassaomarcos.com\/fr\/wp-json\/wp\/v2\/media\/24536"}],"wp:attachment":[{"href":"https:\/\/maquinassaomarcos.com\/fr\/wp-json\/wp\/v2\/media?parent=26832"}],"wp:term":[{"taxonomy":"product_cat","embeddable":true,"href":"https:\/\/maquinassaomarcos.com\/fr\/wp-json\/wp\/v2\/product_cat?post=26832"},{"taxonomy":"product_tag","embeddable":true,"href":"https:\/\/maquinassaomarcos.com\/fr\/wp-json\/wp\/v2\/product_tag?post=26832"}],"curies":[{"name":"wp","href":"https:\/\/api.w.org\/{rel}","templated":true}]}}