{"id":27046,"date":"2018-05-17T10:18:55","date_gmt":"2018-05-17T10:18:55","guid":{"rendered":"https:\/\/maquinassaomarcos.com\/produtos\/ponceuse-double-a-hande-lasm-rcg-1200-2\/"},"modified":"2023-05-09T16:23:28","modified_gmt":"2023-05-09T16:23:28","slug":"ponceuse-double-a-hande-lasm-rcg-1200-2","status":"publish","type":"product","link":"https:\/\/maquinassaomarcos.com\/fr\/produtos\/ponceuse-double-a-hande-lasm-rcg-1200-2\/","title":{"rendered":"Pon\u00e7euse \u00e0 tiroirs Volpato RCG 1200"},"content":{"rendered":"<p>Pon\u00e7euse \u00e0 tiroirs<br \/>\nMarque: Volpato<br \/>\nModel: RCG 1200<\/p>\n<p>Longueur de travail max: 1200 mm<br \/>\nLargeur de travail max: 1200 mm<br \/>\nHauteur de travail max: 230 mm<br \/>\nDimension de la courroie: 250&#215;3280 mm<br \/>\nTable de travail lat\u00e9rale: 920 x 350 mm<br \/>\nMoteur entraineur de courroie: 7,5 Kw + 7,5 KW<br \/>\nMoteur pour oscillation 0,15 KW + 0, 15 Kw<br \/>\nPoids: 1200 kg<\/p>\n","protected":false},"excerpt":{"rendered":"<p>Pon\u00e7euse \u00e0 tiroirs Marque: Volpato Model: RCG 1200 Longueur de travail max: 1200 mm Largeur de travail max: 1200 mm Hauteur de travail max: 230 mm Dimension de la courroie: 250&#215;3280 mm Table de travail lat\u00e9rale: 920 x 350 mm Moteur entraineur de courroie: 7,5 Kw + 7,5 KW Moteur pour oscillation 0,15 KW + [&hellip;]<\/p>\n","protected":false},"featured_media":23638,"template":"","meta":[],"product_cat":[248,233],"product_tag":[],"class_list":["post-27046","product","type-product","status-publish","has-post-thumbnail","hentry","product_cat-occasion","product_cat-poncage"],"_links":{"self":[{"href":"https:\/\/maquinassaomarcos.com\/fr\/wp-json\/wp\/v2\/product\/27046","targetHints":{"allow":["GET"]}}],"collection":[{"href":"https:\/\/maquinassaomarcos.com\/fr\/wp-json\/wp\/v2\/product"}],"about":[{"href":"https:\/\/maquinassaomarcos.com\/fr\/wp-json\/wp\/v2\/types\/product"}],"wp:featuredmedia":[{"embeddable":true,"href":"https:\/\/maquinassaomarcos.com\/fr\/wp-json\/wp\/v2\/media\/23638"}],"wp:attachment":[{"href":"https:\/\/maquinassaomarcos.com\/fr\/wp-json\/wp\/v2\/media?parent=27046"}],"wp:term":[{"taxonomy":"product_cat","embeddable":true,"href":"https:\/\/maquinassaomarcos.com\/fr\/wp-json\/wp\/v2\/product_cat?post=27046"},{"taxonomy":"product_tag","embeddable":true,"href":"https:\/\/maquinassaomarcos.com\/fr\/wp-json\/wp\/v2\/product_tag?post=27046"}],"curies":[{"name":"wp","href":"https:\/\/api.w.org\/{rel}","templated":true}]}}