{"id":27624,"date":"2018-11-19T17:07:42","date_gmt":"2020-07-14T16:27:35","guid":{"rendered":"https:\/\/maquinassaomarcos.com\/?post_type=product&#038;p=27624"},"modified":"2020-10-20T17:18:43","modified_gmt":"2020-10-20T17:18:43","slug":"centre-dusinage-scm-tech-99-l","status":"publish","type":"product","link":"https:\/\/maquinassaomarcos.com\/fr\/produtos\/centre-dusinage-scm-tech-99-l\/","title":{"rendered":"Centre d&#8217;Usinage SCM Tech 99 L"},"content":{"rendered":"<p>CNC<\/p>\n<p>Marque : SCM<\/p>\n<p>Mod\u00e8le : Tech 99 L<\/p>\n<p>Caract\u00e9ristiques g\u00e9n\u00e9rales:<\/p>\n<ul>\n<li>Zone de travail 2900 x 1150 mm<\/li>\n<li>Passage de pi\u00e8ce 140 mm<\/li>\n<li>Changement d&#8217;outil 4 positions<\/li>\n<li>Lame 0-90% couverture totale de la zone de travail<\/li>\n<li>18 broches verticales 2 + 2 horizons en X 1 + 1 en Y<\/li>\n<li>Pompe \u00e0 vide 100 m3 \/ h<\/li>\n<li>8 bares avec 2 ventouses chacun<\/li>\n<\/ul>\n","protected":false},"excerpt":{"rendered":"<p>CNC Marque : SCM Mod\u00e8le : Tech 99 L Caract\u00e9ristiques g\u00e9n\u00e9rales: Zone de travail 2900 x 1150 mm Passage de pi\u00e8ce 140 mm Changement d&#8217;outil 4 positions Lame 0-90% couverture totale de la zone de travail 18 broches verticales 2 + 2 horizons en X 1 + 1 en Y Pompe \u00e0 vide 100 m3 [&hellip;]<\/p>\n","protected":false},"featured_media":27618,"template":"","meta":[],"product_cat":[229,248],"product_tag":[],"class_list":["post-27624","product","type-product","status-publish","has-post-thumbnail","hentry","product_cat-centre-dusinage","product_cat-occasion"],"_links":{"self":[{"href":"https:\/\/maquinassaomarcos.com\/fr\/wp-json\/wp\/v2\/product\/27624","targetHints":{"allow":["GET"]}}],"collection":[{"href":"https:\/\/maquinassaomarcos.com\/fr\/wp-json\/wp\/v2\/product"}],"about":[{"href":"https:\/\/maquinassaomarcos.com\/fr\/wp-json\/wp\/v2\/types\/product"}],"wp:featuredmedia":[{"embeddable":true,"href":"https:\/\/maquinassaomarcos.com\/fr\/wp-json\/wp\/v2\/media\/27618"}],"wp:attachment":[{"href":"https:\/\/maquinassaomarcos.com\/fr\/wp-json\/wp\/v2\/media?parent=27624"}],"wp:term":[{"taxonomy":"product_cat","embeddable":true,"href":"https:\/\/maquinassaomarcos.com\/fr\/wp-json\/wp\/v2\/product_cat?post=27624"},{"taxonomy":"product_tag","embeddable":true,"href":"https:\/\/maquinassaomarcos.com\/fr\/wp-json\/wp\/v2\/product_tag?post=27624"}],"curies":[{"name":"wp","href":"https:\/\/api.w.org\/{rel}","templated":true}]}}