{"id":28161,"date":"2018-11-21T14:31:22","date_gmt":"2018-11-21T14:33:08","guid":{"rendered":"https:\/\/maquinassaomarcos.com\/?post_type=product&#038;p=28161"},"modified":"2020-09-15T11:15:56","modified_gmt":"2020-09-15T11:15:56","slug":"mortaiseuse-a-badame","status":"publish","type":"product","link":"https:\/\/maquinassaomarcos.com\/fr\/produtos\/mortaiseuse-a-badame\/","title":{"rendered":"Mortaiseuse \u00e0 B\u00e9dane"},"content":{"rendered":"<p>Mortaiseuse \u00e0 B\u00e9dane<\/p>\n","protected":false},"excerpt":{"rendered":"<p>Mortaiseuse \u00e0 B\u00e9dane<\/p>\n","protected":false},"featured_media":28157,"template":"","meta":[],"product_cat":[248,232],"product_tag":[],"class_list":["post-28161","product","type-product","status-publish","has-post-thumbnail","hentry","product_cat-occasion","product_cat-percage"],"_links":{"self":[{"href":"https:\/\/maquinassaomarcos.com\/fr\/wp-json\/wp\/v2\/product\/28161","targetHints":{"allow":["GET"]}}],"collection":[{"href":"https:\/\/maquinassaomarcos.com\/fr\/wp-json\/wp\/v2\/product"}],"about":[{"href":"https:\/\/maquinassaomarcos.com\/fr\/wp-json\/wp\/v2\/types\/product"}],"wp:featuredmedia":[{"embeddable":true,"href":"https:\/\/maquinassaomarcos.com\/fr\/wp-json\/wp\/v2\/media\/28157"}],"wp:attachment":[{"href":"https:\/\/maquinassaomarcos.com\/fr\/wp-json\/wp\/v2\/media?parent=28161"}],"wp:term":[{"taxonomy":"product_cat","embeddable":true,"href":"https:\/\/maquinassaomarcos.com\/fr\/wp-json\/wp\/v2\/product_cat?post=28161"},{"taxonomy":"product_tag","embeddable":true,"href":"https:\/\/maquinassaomarcos.com\/fr\/wp-json\/wp\/v2\/product_tag?post=28161"}],"curies":[{"name":"wp","href":"https:\/\/api.w.org\/{rel}","templated":true}]}}