{"id":30062,"date":"2019-08-07T16:47:40","date_gmt":"2019-08-07T16:54:46","guid":{"rendered":"https:\/\/maquinassaomarcos.com\/?post_type=product&#038;p=30062"},"modified":"2019-08-07T17:23:37","modified_gmt":"2019-08-07T17:23:37","slug":"emballeuse-girpack-12-25","status":"publish","type":"product","link":"https:\/\/maquinassaomarcos.com\/fr\/produtos\/emballeuse-girpack-12-25\/","title":{"rendered":"Emballeuse Girpack 12.25"},"content":{"rendered":"<p>EMBALLEUSE SOUS FILM ETIRABLE GIRPACK 12.25<br \/>\nLongueur tapis 2000mm<br \/>\nLargeur de 800 \u00e0 900mm<br \/>\nEpaisseur des pi\u00e8ces 45mm<br \/>\nPoids de 40 \u00e0 70kg<br \/>\nCadence 1 \u00e0 2 portes \/min<\/p>\n","protected":false},"excerpt":{"rendered":"<p>EMBALLEUSE SOUS FILM ETIRABLE GIRPACK 12.25 Longueur tapis 2000mm Largeur de 800 \u00e0 900mm Epaisseur des pi\u00e8ces 45mm Poids de 40 \u00e0 70kg Cadence 1 \u00e0 2 portes \/min<\/p>\n","protected":false},"featured_media":30098,"template":"","meta":[],"product_cat":[236,248],"product_tag":[],"class_list":["post-30062","product","type-product","status-publish","has-post-thumbnail","hentry","product_cat-autres","product_cat-occasion"],"_links":{"self":[{"href":"https:\/\/maquinassaomarcos.com\/fr\/wp-json\/wp\/v2\/product\/30062","targetHints":{"allow":["GET"]}}],"collection":[{"href":"https:\/\/maquinassaomarcos.com\/fr\/wp-json\/wp\/v2\/product"}],"about":[{"href":"https:\/\/maquinassaomarcos.com\/fr\/wp-json\/wp\/v2\/types\/product"}],"wp:featuredmedia":[{"embeddable":true,"href":"https:\/\/maquinassaomarcos.com\/fr\/wp-json\/wp\/v2\/media\/30098"}],"wp:attachment":[{"href":"https:\/\/maquinassaomarcos.com\/fr\/wp-json\/wp\/v2\/media?parent=30062"}],"wp:term":[{"taxonomy":"product_cat","embeddable":true,"href":"https:\/\/maquinassaomarcos.com\/fr\/wp-json\/wp\/v2\/product_cat?post=30062"},{"taxonomy":"product_tag","embeddable":true,"href":"https:\/\/maquinassaomarcos.com\/fr\/wp-json\/wp\/v2\/product_tag?post=30062"}],"curies":[{"name":"wp","href":"https:\/\/api.w.org\/{rel}","templated":true}]}}