{"id":31213,"date":"2020-07-23T17:08:06","date_gmt":"2020-07-23T17:16:07","guid":{"rendered":"https:\/\/maquinassaomarcos.com\/?post_type=product&#038;p=31213"},"modified":"2020-10-28T15:46:47","modified_gmt":"2020-10-28T15:46:47","slug":"large-bande-dmc-unisand-2000","status":"publish","type":"product","link":"https:\/\/maquinassaomarcos.com\/fr\/produtos\/large-bande-dmc-unisand-2000\/","title":{"rendered":"Large bande DMC Unisand 2000"},"content":{"rendered":"<p>Large bande<\/p>\n<p>Marque:DMC<\/p>\n<p>Mod\u00e8le: Unisand 2000<\/p>\n<p>Caract\u00e9ristiques T\u00e9cniques:<\/p>\n<ul>\n<li>1350 x 2500 mm<\/li>\n<li>Rouleau + Rouleau + Patin<\/li>\n<li>Avec transversale<\/li>\n<\/ul>\n","protected":false},"excerpt":{"rendered":"<p>Large bande Marque:DMC Mod\u00e8le: Unisand 2000 Caract\u00e9ristiques T\u00e9cniques: 1350 x 2500 mm Rouleau + Rouleau + Patin Avec transversale<\/p>\n","protected":false},"featured_media":31211,"template":"","meta":[],"product_cat":[248,233],"product_tag":[],"class_list":["post-31213","product","type-product","status-publish","has-post-thumbnail","hentry","product_cat-occasion","product_cat-poncage"],"_links":{"self":[{"href":"https:\/\/maquinassaomarcos.com\/fr\/wp-json\/wp\/v2\/product\/31213","targetHints":{"allow":["GET"]}}],"collection":[{"href":"https:\/\/maquinassaomarcos.com\/fr\/wp-json\/wp\/v2\/product"}],"about":[{"href":"https:\/\/maquinassaomarcos.com\/fr\/wp-json\/wp\/v2\/types\/product"}],"wp:featuredmedia":[{"embeddable":true,"href":"https:\/\/maquinassaomarcos.com\/fr\/wp-json\/wp\/v2\/media\/31211"}],"wp:attachment":[{"href":"https:\/\/maquinassaomarcos.com\/fr\/wp-json\/wp\/v2\/media?parent=31213"}],"wp:term":[{"taxonomy":"product_cat","embeddable":true,"href":"https:\/\/maquinassaomarcos.com\/fr\/wp-json\/wp\/v2\/product_cat?post=31213"},{"taxonomy":"product_tag","embeddable":true,"href":"https:\/\/maquinassaomarcos.com\/fr\/wp-json\/wp\/v2\/product_tag?post=31213"}],"curies":[{"name":"wp","href":"https:\/\/api.w.org\/{rel}","templated":true}]}}