{"id":32089,"date":"2020-10-12T11:25:33","date_gmt":"2020-10-13T08:10:16","guid":{"rendered":"https:\/\/maquinassaomarcos.com\/?post_type=product&#038;p=32089"},"modified":"2020-10-14T16:55:46","modified_gmt":"2020-10-14T16:55:46","slug":"aspiration-woodman-de-2500","status":"publish","type":"product","link":"https:\/\/maquinassaomarcos.com\/fr\/produtos\/aspiration-woodman-de-2500\/","title":{"rendered":"Aspiration Woodman DE-2500"},"content":{"rendered":"<p>Aspiration<\/p>\n<p>Marque : Woodman<\/p>\n<p>Mod\u00e8le : DE-2500<\/p>\n<p>(Nouveau)<\/p>\n<p>&nbsp;<\/p>\n<p>Caract\u00e9ristiques techniques :<\/p>\n<ul>\n<li>Puissance du moteur : 3CV (monophas\u00e9 220V &#8211; triphas\u00e9 380V)<\/li>\n<li>D\u00e9bit d&#8217;aspiration : 2500 M3\/H<\/li>\n<li>Ventilateur : 300 mm (M\u00e9tal)<\/li>\n<li>Sacs : 2 x 500 x 900 mm<\/li>\n<li>Filtres 9 x 160 x 935 mm<\/li>\n<li>Aspiration : Diam 2 x 120 mm &#8211; 1x 80 mm<\/li>\n<li>Bouche d&#8217;aspiration Diam. 200 mm<\/li>\n<li>Niveau d&#8217;\u00e9mission sonore : 80 Db<\/li>\n<\/ul>\n","protected":false},"excerpt":{"rendered":"<p>Aspiration Marque : Woodman Mod\u00e8le : DE-2500 (Nouveau) &nbsp; Caract\u00e9ristiques techniques : Puissance du moteur : 3CV (monophas\u00e9 220V &#8211; triphas\u00e9 380V) D\u00e9bit d&#8217;aspiration : 2500 M3\/H Ventilateur : 300 mm (M\u00e9tal) Sacs : 2 x 500 x 900 mm Filtres 9 x 160 x 935 mm Aspiration : Diam 2 x 120 mm &#8211; [&hellip;]<\/p>\n","protected":false},"featured_media":32079,"template":"","meta":[],"product_cat":[228,242],"product_tag":[],"class_list":["post-32089","product","type-product","status-publish","has-post-thumbnail","hentry","product_cat-aspiracao","product_cat-nouveau"],"_links":{"self":[{"href":"https:\/\/maquinassaomarcos.com\/fr\/wp-json\/wp\/v2\/product\/32089","targetHints":{"allow":["GET"]}}],"collection":[{"href":"https:\/\/maquinassaomarcos.com\/fr\/wp-json\/wp\/v2\/product"}],"about":[{"href":"https:\/\/maquinassaomarcos.com\/fr\/wp-json\/wp\/v2\/types\/product"}],"wp:featuredmedia":[{"embeddable":true,"href":"https:\/\/maquinassaomarcos.com\/fr\/wp-json\/wp\/v2\/media\/32079"}],"wp:attachment":[{"href":"https:\/\/maquinassaomarcos.com\/fr\/wp-json\/wp\/v2\/media?parent=32089"}],"wp:term":[{"taxonomy":"product_cat","embeddable":true,"href":"https:\/\/maquinassaomarcos.com\/fr\/wp-json\/wp\/v2\/product_cat?post=32089"},{"taxonomy":"product_tag","embeddable":true,"href":"https:\/\/maquinassaomarcos.com\/fr\/wp-json\/wp\/v2\/product_tag?post=32089"}],"curies":[{"name":"wp","href":"https:\/\/api.w.org\/{rel}","templated":true}]}}