{"id":32284,"date":"2020-10-26T10:49:24","date_gmt":"2020-10-26T11:07:10","guid":{"rendered":"https:\/\/maquinassaomarcos.com\/?post_type=product&#038;p=32284"},"modified":"2020-10-26T16:00:12","modified_gmt":"2020-10-26T16:00:12","slug":"centre-dusinage-harnnett-track","status":"publish","type":"product","link":"https:\/\/maquinassaomarcos.com\/fr\/produtos\/centre-dusinage-harnnett-track\/","title":{"rendered":"Centre d&#8217;Usinage H\u00e4rnnett Track"},"content":{"rendered":"<p>Centre d&#8217;usinage<\/p>\n<p>Marque: H\u00e4rnnett<\/p>\n<p>Mod\u00e8le: Track<\/p>\n<p>Caract\u00e9ristiques T\u00e9cniques:<\/p>\n<ul>\n<li>Zone de travail X-Y-Z : 600 x 900 x 200 mm<\/li>\n<li>Dimensions de la machine : 1100 x 1500 x 1200 mm<\/li>\n<li>Pr\u00e9cision de l&#8217;axe X-Y : 0,0025 mm<\/li>\n<li>Pr\u00e9cision de l&#8217;axe Z : 0,005 mm<\/li>\n<li>Vitesse de travail maximale : 15 m\/min<\/li>\n<li>Puissance des moteurs de broyage : 2,2 KW (3 CV)<\/li>\n<li>Vitesse maximale de l&#8217;arbre : 24 000 tours\/minute.<\/li>\n<li>Tableau des r\u00e9sines ph\u00e9noliques SI<\/li>\n<li>Pompe \u00e0 vide : 1,5 KW (2 HP)<\/li>\n<li>Gestion de la temp\u00e9rature des armoires de la cellule<\/li>\n<li>Poids approximatif : 400 kg<\/li>\n<\/ul>\n<p>&nbsp;<\/p>\n<ul>\n<li>Logiciels compatibles : nos logiciels sont compatibles avec Type3\/Artcam\/Castmate\/Wentai et d&#8217;autres types de programmes de dessin CAD\/CAM.<\/li>\n<li>Contr\u00f4le : Nous utilisons une connexion USB avanc\u00e9e avec le syst\u00e8me DSP.<\/li>\n<li>Les fraises peuvent travailler hors ligne en n&#8217;utilisant pas de ressources informatiques.<\/li>\n<li>Le syst\u00e8me d&#8217;exploitation automatique DSP des fraises peut \u00eatre activ\u00e9 ou desactiv\u00e9.<\/li>\n<\/ul>\n<p>&nbsp;<\/p>\n<p>&nbsp;<\/p>\n","protected":false},"excerpt":{"rendered":"<p>Centre d&#8217;usinage Marque: H\u00e4rnnett Mod\u00e8le: Track Caract\u00e9ristiques T\u00e9cniques: Zone de travail X-Y-Z : 600 x 900 x 200 mm Dimensions de la machine : 1100 x 1500 x 1200 mm Pr\u00e9cision de l&#8217;axe X-Y : 0,0025 mm Pr\u00e9cision de l&#8217;axe Z : 0,005 mm Vitesse de travail maximale : 15 m\/min Puissance des moteurs de [&hellip;]<\/p>\n","protected":false},"featured_media":32297,"template":"","meta":[],"product_cat":[229,213,242],"product_tag":[],"class_list":["post-32284","product","type-product","status-publish","has-post-thumbnail","hentry","product_cat-centre-dusinage","product_cat-produits-em-vendette","product_cat-nouveau"],"_links":{"self":[{"href":"https:\/\/maquinassaomarcos.com\/fr\/wp-json\/wp\/v2\/product\/32284","targetHints":{"allow":["GET"]}}],"collection":[{"href":"https:\/\/maquinassaomarcos.com\/fr\/wp-json\/wp\/v2\/product"}],"about":[{"href":"https:\/\/maquinassaomarcos.com\/fr\/wp-json\/wp\/v2\/types\/product"}],"wp:featuredmedia":[{"embeddable":true,"href":"https:\/\/maquinassaomarcos.com\/fr\/wp-json\/wp\/v2\/media\/32297"}],"wp:attachment":[{"href":"https:\/\/maquinassaomarcos.com\/fr\/wp-json\/wp\/v2\/media?parent=32284"}],"wp:term":[{"taxonomy":"product_cat","embeddable":true,"href":"https:\/\/maquinassaomarcos.com\/fr\/wp-json\/wp\/v2\/product_cat?post=32284"},{"taxonomy":"product_tag","embeddable":true,"href":"https:\/\/maquinassaomarcos.com\/fr\/wp-json\/wp\/v2\/product_tag?post=32284"}],"curies":[{"name":"wp","href":"https:\/\/api.w.org\/{rel}","templated":true}]}}