{"id":35149,"date":"2023-05-08T13:18:44","date_gmt":"2023-05-08T13:18:44","guid":{"rendered":"https:\/\/maquinassaomarcos.com\/produtos\/cnc-rover-a-3-40-ft\/"},"modified":"2023-05-09T08:46:33","modified_gmt":"2023-05-09T08:46:33","slug":"cnc-rover-a-3-40-ft","status":"publish","type":"product","link":"https:\/\/maquinassaomarcos.com\/fr\/produtos\/cnc-rover-a-3-40-ft\/","title":{"rendered":"CNC Rover A 3.40 FT"},"content":{"rendered":"<ul>\n<li>3 Essieux<\/li>\n<li>1,26m de Largeur x 3,68m de Longueur<\/li>\n<li>T\u00eate de moteur de fraisage avec changement d&#8217;outil<\/li>\n<li>Unit\u00e9 de per\u00e7age verticale et horizontale<\/li>\n<li>Groupe de scie<\/li>\n<\/ul>\n","protected":false},"excerpt":{"rendered":"<p>3 Essieux 1,26m de Largeur x 3,68m de Longueur T\u00eate de moteur de fraisage avec changement d&#8217;outil Unit\u00e9 de per\u00e7age verticale et horizontale Groupe de scie<\/p>\n","protected":false},"featured_media":35010,"template":"","meta":[],"product_cat":[229,248,232],"product_tag":[],"class_list":["post-35149","product","type-product","status-publish","has-post-thumbnail","hentry","product_cat-centre-dusinage","product_cat-occasion","product_cat-percage"],"_links":{"self":[{"href":"https:\/\/maquinassaomarcos.com\/fr\/wp-json\/wp\/v2\/product\/35149","targetHints":{"allow":["GET"]}}],"collection":[{"href":"https:\/\/maquinassaomarcos.com\/fr\/wp-json\/wp\/v2\/product"}],"about":[{"href":"https:\/\/maquinassaomarcos.com\/fr\/wp-json\/wp\/v2\/types\/product"}],"wp:featuredmedia":[{"embeddable":true,"href":"https:\/\/maquinassaomarcos.com\/fr\/wp-json\/wp\/v2\/media\/35010"}],"wp:attachment":[{"href":"https:\/\/maquinassaomarcos.com\/fr\/wp-json\/wp\/v2\/media?parent=35149"}],"wp:term":[{"taxonomy":"product_cat","embeddable":true,"href":"https:\/\/maquinassaomarcos.com\/fr\/wp-json\/wp\/v2\/product_cat?post=35149"},{"taxonomy":"product_tag","embeddable":true,"href":"https:\/\/maquinassaomarcos.com\/fr\/wp-json\/wp\/v2\/product_tag?post=35149"}],"curies":[{"name":"wp","href":"https:\/\/api.w.org\/{rel}","templated":true}]}}