{"id":35172,"date":"2023-05-08T10:29:21","date_gmt":"2023-05-08T10:29:21","guid":{"rendered":"https:\/\/maquinassaomarcos.com\/produtos\/ensemble-linnerman-cu-410-n2\/"},"modified":"2023-05-09T09:15:13","modified_gmt":"2023-05-09T09:15:13","slug":"ensemble-linnerman-cu-410-n2","status":"publish","type":"product","link":"https:\/\/maquinassaomarcos.com\/fr\/produtos\/ensemble-linnerman-cu-410-n2\/","title":{"rendered":"Ensemble Linnerman CU 410 N2"},"content":{"rendered":"<ul>\n<li>Combin\u00e9 5 en 1<\/li>\n<li>Glissi\u00e8re avec chariot 290mm<\/li>\n<li>Routeur<\/li>\n<li>\u00c9paisseur<\/li>\n<li>Raboteuse<\/li>\n<li>Perc\u00e9<\/li>\n<\/ul>\n","protected":false},"excerpt":{"rendered":"<p>Combin\u00e9 5 en 1 Glissi\u00e8re avec chariot 290mm Routeur \u00c9paisseur Raboteuse Perc\u00e9<\/p>\n","protected":false},"featured_media":34874,"template":"","meta":[],"product_cat":[242],"product_tag":[],"class_list":["post-35172","product","type-product","status-publish","has-post-thumbnail","hentry","product_cat-nouveau"],"_links":{"self":[{"href":"https:\/\/maquinassaomarcos.com\/fr\/wp-json\/wp\/v2\/product\/35172","targetHints":{"allow":["GET"]}}],"collection":[{"href":"https:\/\/maquinassaomarcos.com\/fr\/wp-json\/wp\/v2\/product"}],"about":[{"href":"https:\/\/maquinassaomarcos.com\/fr\/wp-json\/wp\/v2\/types\/product"}],"wp:featuredmedia":[{"embeddable":true,"href":"https:\/\/maquinassaomarcos.com\/fr\/wp-json\/wp\/v2\/media\/34874"}],"wp:attachment":[{"href":"https:\/\/maquinassaomarcos.com\/fr\/wp-json\/wp\/v2\/media?parent=35172"}],"wp:term":[{"taxonomy":"product_cat","embeddable":true,"href":"https:\/\/maquinassaomarcos.com\/fr\/wp-json\/wp\/v2\/product_cat?post=35172"},{"taxonomy":"product_tag","embeddable":true,"href":"https:\/\/maquinassaomarcos.com\/fr\/wp-json\/wp\/v2\/product_tag?post=35172"}],"curies":[{"name":"wp","href":"https:\/\/api.w.org\/{rel}","templated":true}]}}