{"id":35192,"date":"2023-05-08T10:12:39","date_gmt":"2023-05-08T10:12:39","guid":{"rendered":"https:\/\/maquinassaomarcos.com\/produtos\/calibrateur-double-kundig-botop-650-1c\/"},"modified":"2023-05-12T14:30:45","modified_gmt":"2023-05-12T14:30:45","slug":"calibrateur-double-kundig-botop-650-1c","status":"publish","type":"product","link":"https:\/\/maquinassaomarcos.com\/fr\/produtos\/calibrateur-double-kundig-botop-650-1c\/","title":{"rendered":"Large bande double Kundig Botop 650 1C"},"content":{"rendered":"<ul>\n<li>Calibre de haut en bas<\/li>\n<li>Papier de verre<\/li>\n<li>Un groupe en haut et un groupe en bas<\/li>\n<\/ul>\n<p>Grupe sup\u00e9rieur combin\u00e9:<\/p>\n<ul>\n<li>Rouleau de calibrage en caoutchouc<\/li>\n<li>Patin pneumatique<\/li>\n<\/ul>\n<p>Groupe de basse combin\u00e9:<\/p>\n<ul>\n<li>Rouleau de calibrage en caoutchouc<\/li>\n<li>Patin pneumatique<\/li>\n<li>Tapis avec 650mm de zone de travail avec variateur de vitesse<\/li>\n<li>Machine de ligne<\/li>\n<\/ul>\n","protected":false},"excerpt":{"rendered":"<p>Calibre de haut en bas Papier de verre Un groupe en haut et un groupe en bas Grupe sup\u00e9rieur combin\u00e9: Rouleau de calibrage en caoutchouc Patin pneumatique Groupe de basse combin\u00e9: Rouleau de calibrage en caoutchouc Patin pneumatique Tapis avec 650mm de zone de travail avec variateur de vitesse Machine de ligne<\/p>\n","protected":false},"featured_media":36597,"template":"","meta":[],"product_cat":[233],"product_tag":[],"class_list":["post-35192","product","type-product","status-publish","has-post-thumbnail","hentry","product_cat-poncage"],"_links":{"self":[{"href":"https:\/\/maquinassaomarcos.com\/fr\/wp-json\/wp\/v2\/product\/35192","targetHints":{"allow":["GET"]}}],"collection":[{"href":"https:\/\/maquinassaomarcos.com\/fr\/wp-json\/wp\/v2\/product"}],"about":[{"href":"https:\/\/maquinassaomarcos.com\/fr\/wp-json\/wp\/v2\/types\/product"}],"wp:featuredmedia":[{"embeddable":true,"href":"https:\/\/maquinassaomarcos.com\/fr\/wp-json\/wp\/v2\/media\/36597"}],"wp:attachment":[{"href":"https:\/\/maquinassaomarcos.com\/fr\/wp-json\/wp\/v2\/media?parent=35192"}],"wp:term":[{"taxonomy":"product_cat","embeddable":true,"href":"https:\/\/maquinassaomarcos.com\/fr\/wp-json\/wp\/v2\/product_cat?post=35192"},{"taxonomy":"product_tag","embeddable":true,"href":"https:\/\/maquinassaomarcos.com\/fr\/wp-json\/wp\/v2\/product_tag?post=35192"}],"curies":[{"name":"wp","href":"https:\/\/api.w.org\/{rel}","templated":true}]}}