{"id":35208,"date":"2023-03-14T10:56:27","date_gmt":"2023-03-14T10:56:27","guid":{"rendered":"https:\/\/maquinassaomarcos.com\/produtos\/machine-a-equarrir-griggio-quadra-400\/"},"modified":"2023-11-15T15:35:27","modified_gmt":"2023-11-15T15:35:27","slug":"machine-a-equarrir-griggio-quadra-400","status":"publish","type":"product","link":"https:\/\/maquinassaomarcos.com\/fr\/produtos\/machine-a-equarrir-griggio-quadra-400\/","title":{"rendered":"Scie \u00e0 Format GRIGGIO QUADRA 400"},"content":{"rendered":"<ul>\n<li class=\"nomeMaquina\">Chariot 3200x385mm avec table 630x1090mm<\/li>\n<\/ul>\n<div class=\"descricaoMaquina\">\n<ul>\n<li>Disque jusqu&#8217;\u00e0 400 mm de diam\u00e8tre, inclinable \u00e0 45\u00ba.<\/li>\n<li>Levage \u00e9lectrique et inclinaison manuelle du disque.<\/li>\n<li>Unit\u00e9 incisive avec moteur ind\u00e9pendant et r\u00e9gulation externe.<\/li>\n<li>Disque \u00e0 3 vitesses : 3000, 4000 et 5000 tr\/min.<\/li>\n<li>Moteur 7.5cv.<\/li>\n<\/ul>\n<\/div>\n","protected":false},"excerpt":{"rendered":"<p>Chariot 3200x385mm avec table 630x1090mm Disque jusqu&#8217;\u00e0 400 mm de diam\u00e8tre, inclinable \u00e0 45\u00ba. Levage \u00e9lectrique et inclinaison manuelle du disque. Unit\u00e9 incisive avec moteur ind\u00e9pendant et r\u00e9gulation externe. Disque \u00e0 3 vitesses : 3000, 4000 et 5000 tr\/min. Moteur 7.5cv.<\/p>\n","protected":false},"featured_media":34678,"template":"","meta":[],"product_cat":[242],"product_tag":[],"class_list":["post-35208","product","type-product","status-publish","has-post-thumbnail","hentry","product_cat-nouveau"],"_links":{"self":[{"href":"https:\/\/maquinassaomarcos.com\/fr\/wp-json\/wp\/v2\/product\/35208","targetHints":{"allow":["GET"]}}],"collection":[{"href":"https:\/\/maquinassaomarcos.com\/fr\/wp-json\/wp\/v2\/product"}],"about":[{"href":"https:\/\/maquinassaomarcos.com\/fr\/wp-json\/wp\/v2\/types\/product"}],"wp:featuredmedia":[{"embeddable":true,"href":"https:\/\/maquinassaomarcos.com\/fr\/wp-json\/wp\/v2\/media\/34678"}],"wp:attachment":[{"href":"https:\/\/maquinassaomarcos.com\/fr\/wp-json\/wp\/v2\/media?parent=35208"}],"wp:term":[{"taxonomy":"product_cat","embeddable":true,"href":"https:\/\/maquinassaomarcos.com\/fr\/wp-json\/wp\/v2\/product_cat?post=35208"},{"taxonomy":"product_tag","embeddable":true,"href":"https:\/\/maquinassaomarcos.com\/fr\/wp-json\/wp\/v2\/product_tag?post=35208"}],"curies":[{"name":"wp","href":"https:\/\/api.w.org\/{rel}","templated":true}]}}