{"id":35293,"date":"2022-01-11T16:29:58","date_gmt":"2022-01-11T16:29:58","guid":{"rendered":"https:\/\/maquinassaomarcos.com\/produtos\/transpalette-2-5t\/"},"modified":"2023-05-12T16:09:10","modified_gmt":"2023-05-12T16:09:10","slug":"transpalette-2-5t","status":"publish","type":"product","link":"https:\/\/maquinassaomarcos.com\/fr\/produtos\/transpalette-2-5t\/","title":{"rendered":"Transpalette 2.5T"},"content":{"rendered":"<ul>\n<li>Capacit\u00e9 de 2,5 tonnes<\/li>\n<li>Poids 69Kg<\/li>\n<li>Hauteur de levage: 205mm<\/li>\n<li>\u00c9paisseur du ch\u00e2ssis: 3mm<\/li>\n<li>Hauteur des fourches abaiss\u00e9es: 85mm<\/li>\n<li>Longueur fourche: 1150mm<\/li>\n<li>Larguer ext\u00e9rieure de fourche: 540mm<\/li>\n<li>Largeur de fourche: 160mm<\/li>\n<li>\u00c9paisseur de la fourche: 60mm<\/li>\n<\/ul>\n","protected":false},"excerpt":{"rendered":"<p>Capacit\u00e9 de 2,5 tonnes Poids 69Kg Hauteur de levage: 205mm \u00c9paisseur du ch\u00e2ssis: 3mm Hauteur des fourches abaiss\u00e9es: 85mm Longueur fourche: 1150mm Larguer ext\u00e9rieure de fourche: 540mm Largeur de fourche: 160mm \u00c9paisseur de la fourche: 60mm<\/p>\n","protected":false},"featured_media":33572,"template":"","meta":[],"product_cat":[226,242],"product_tag":[],"class_list":["post-35293","product","type-product","status-publish","has-post-thumbnail","hentry","product_cat-acss","product_cat-nouveau"],"_links":{"self":[{"href":"https:\/\/maquinassaomarcos.com\/fr\/wp-json\/wp\/v2\/product\/35293","targetHints":{"allow":["GET"]}}],"collection":[{"href":"https:\/\/maquinassaomarcos.com\/fr\/wp-json\/wp\/v2\/product"}],"about":[{"href":"https:\/\/maquinassaomarcos.com\/fr\/wp-json\/wp\/v2\/types\/product"}],"wp:featuredmedia":[{"embeddable":true,"href":"https:\/\/maquinassaomarcos.com\/fr\/wp-json\/wp\/v2\/media\/33572"}],"wp:attachment":[{"href":"https:\/\/maquinassaomarcos.com\/fr\/wp-json\/wp\/v2\/media?parent=35293"}],"wp:term":[{"taxonomy":"product_cat","embeddable":true,"href":"https:\/\/maquinassaomarcos.com\/fr\/wp-json\/wp\/v2\/product_cat?post=35293"},{"taxonomy":"product_tag","embeddable":true,"href":"https:\/\/maquinassaomarcos.com\/fr\/wp-json\/wp\/v2\/product_tag?post=35293"}],"curies":[{"name":"wp","href":"https:\/\/api.w.org\/{rel}","templated":true}]}}