{"id":35301,"date":"2021-11-26T11:55:40","date_gmt":"2021-11-26T11:55:40","guid":{"rendered":"https:\/\/maquinassaomarcos.com\/produtos\/machine-a-equarrir-altendorf__f45-elmo\/"},"modified":"2023-05-12T16:12:18","modified_gmt":"2023-05-12T16:12:18","slug":"machine-a-equarrir-altendorf__f45-elmo","status":"publish","type":"product","link":"https:\/\/maquinassaomarcos.com\/fr\/produtos\/machine-a-equarrir-altendorf__f45-elmo\/","title":{"rendered":"Scie \u00e0 Format Altendorf__F45 ELMO"},"content":{"rendered":"<ul>\n<li>Table longueur 5000mm<\/li>\n<li>Inclinaison et remont\u00e9e automatiques du disque<\/li>\n<li>Parall\u00e8le automatique<\/li>\n<li>Disque de 500 de diam\u00e8tre<\/li>\n<li>Service d&#8217;assistance automatique<\/li>\n<\/ul>\n","protected":false},"excerpt":{"rendered":"<p>Table longueur 5000mm Inclinaison et remont\u00e9e automatiques du disque Parall\u00e8le automatique Disque de 500 de diam\u00e8tre Service d&#8217;assistance automatique<\/p>\n","protected":false},"featured_media":33488,"template":"","meta":[],"product_cat":[230,248],"product_tag":[],"class_list":["post-35301","product","type-product","status-publish","has-post-thumbnail","hentry","product_cat-coupe","product_cat-occasion"],"_links":{"self":[{"href":"https:\/\/maquinassaomarcos.com\/fr\/wp-json\/wp\/v2\/product\/35301","targetHints":{"allow":["GET"]}}],"collection":[{"href":"https:\/\/maquinassaomarcos.com\/fr\/wp-json\/wp\/v2\/product"}],"about":[{"href":"https:\/\/maquinassaomarcos.com\/fr\/wp-json\/wp\/v2\/types\/product"}],"wp:featuredmedia":[{"embeddable":true,"href":"https:\/\/maquinassaomarcos.com\/fr\/wp-json\/wp\/v2\/media\/33488"}],"wp:attachment":[{"href":"https:\/\/maquinassaomarcos.com\/fr\/wp-json\/wp\/v2\/media?parent=35301"}],"wp:term":[{"taxonomy":"product_cat","embeddable":true,"href":"https:\/\/maquinassaomarcos.com\/fr\/wp-json\/wp\/v2\/product_cat?post=35301"},{"taxonomy":"product_tag","embeddable":true,"href":"https:\/\/maquinassaomarcos.com\/fr\/wp-json\/wp\/v2\/product_tag?post=35301"}],"curies":[{"name":"wp","href":"https:\/\/api.w.org\/{rel}","templated":true}]}}