{"id":36589,"date":"2024-06-12T10:38:44","date_gmt":"2024-06-12T10:40:55","guid":{"rendered":"https:\/\/maquinassaomarcos.com\/?post_type=product&#038;p=36589"},"modified":"2026-01-09T14:32:42","modified_gmt":"2026-01-09T14:32:42","slug":"plaqueuse-de-chant-scm-k800","status":"publish","type":"product","link":"https:\/\/maquinassaomarcos.com\/fr\/produtos\/plaqueuse-de-chant-scm-k800\/","title":{"rendered":"Plaqueuse de chant SCM K800"},"content":{"rendered":"<p data-start=\"2607\" data-end=\"2979\">La <strong data-start=\"2610\" data-end=\"2622\">SCM K800<\/strong> est une <strong data-start=\"2631\" data-end=\"2679\">plaqueuse de chants automatique industrielle<\/strong>, con\u00e7ue pour l\u2019application pr\u00e9cise et continue de chants sur des panneaux en bois, MDF, agglom\u00e9r\u00e9 et mat\u00e9riaux d\u00e9riv\u00e9s.<br data-start=\"2799\" data-end=\"2802\" \/>Elle se distingue par sa <strong data-start=\"2827\" data-end=\"2888\">robustesse, sa fiabilit\u00e9 et la qualit\u00e9 \u00e9lev\u00e9e de finition<\/strong>, ce qui la rend id\u00e9ale pour des productions moyennes \u00e0 \u00e9lev\u00e9es dans l\u2019industrie du meuble.<\/p>\n<p data-start=\"2981\" data-end=\"3127\">\u00c9quip\u00e9e d\u2019unit\u00e9s de collage et de finition performantes, elle garantit des r\u00e9sultats constants, une grande productivit\u00e9 et une utilisation simple.<\/p>\n<h4 data-start=\"3129\" data-end=\"3164\">Caract\u00e9ristiques Principales :<\/h4>\n<ul data-start=\"3165\" data-end=\"3511\">\n<li data-start=\"3165\" data-end=\"3181\">\n<p data-start=\"3167\" data-end=\"3181\">Marque : SCM<\/p>\n<\/li>\n<li data-start=\"3182\" data-end=\"3199\">\n<p data-start=\"3184\" data-end=\"3199\">Mod\u00e8le : K800<\/p>\n<\/li>\n<li data-start=\"3200\" data-end=\"3242\">\n<p data-start=\"3202\" data-end=\"3242\">Type : Plaqueuse de chants automatique<\/p>\n<\/li>\n<li data-start=\"3243\" data-end=\"3293\">\n<p data-start=\"3245\" data-end=\"3293\">Application de chants en rouleaux et en bandes<\/p>\n<\/li>\n<li data-start=\"3294\" data-end=\"3314\">\n<p data-start=\"3296\" data-end=\"3314\">Unit\u00e9 de collage<\/p>\n<\/li>\n<li data-start=\"3315\" data-end=\"3341\">\n<p data-start=\"3317\" data-end=\"3341\">Unit\u00e9 de coupe en bout<\/p>\n<\/li>\n<li data-start=\"3342\" data-end=\"3379\">\n<p data-start=\"3344\" data-end=\"3379\">Unit\u00e9s de fraisage et de finition<\/p>\n<\/li>\n<li data-start=\"3380\" data-end=\"3438\">\n<p data-start=\"3382\" data-end=\"3438\">Unit\u00e9 de raclage et de polissage (selon configuration)<\/p>\n<\/li>\n<li data-start=\"3439\" data-end=\"3473\">\n<p data-start=\"3441\" data-end=\"3473\">Structure industrielle robuste<\/p>\n<\/li>\n<li data-start=\"3474\" data-end=\"3511\">\n<p data-start=\"3476\" data-end=\"3511\">Adapt\u00e9e \u00e0 une production continue<\/p>\n<\/li>\n<\/ul>\n<h4 data-start=\"3513\" data-end=\"3529\">Avantages :<\/h4>\n<ul data-start=\"3530\" data-end=\"3701\">\n<li data-start=\"3530\" data-end=\"3578\">\n<p data-start=\"3532\" data-end=\"3578\">Excellente qualit\u00e9 de collage et de finition<\/p>\n<\/li>\n<li data-start=\"3579\" data-end=\"3613\">\n<p data-start=\"3581\" data-end=\"3613\">Production fiable et constante<\/p>\n<\/li>\n<li data-start=\"3614\" data-end=\"3649\">\n<p data-start=\"3616\" data-end=\"3649\">Con\u00e7ue pour un usage industriel<\/p>\n<\/li>\n<li data-start=\"3650\" data-end=\"3701\">\n<p data-start=\"3652\" data-end=\"3701\">Qualit\u00e9 et long\u00e9vit\u00e9 reconnues de la marque SCM<\/p>\n<\/li>\n<\/ul>\n","protected":false},"excerpt":{"rendered":"<p>La SCM K800 est une plaqueuse de chants automatique industrielle, con\u00e7ue pour l\u2019application pr\u00e9cise et continue de chants sur des panneaux en bois, MDF, agglom\u00e9r\u00e9 et mat\u00e9riaux d\u00e9riv\u00e9s.Elle se distingue par sa robustesse, sa fiabilit\u00e9 et la qualit\u00e9 \u00e9lev\u00e9e de finition, ce qui la rend id\u00e9ale pour des productions moyennes \u00e0 \u00e9lev\u00e9es dans l\u2019industrie du [&hellip;]<\/p>\n","protected":false},"featured_media":36576,"template":"","meta":[],"product_cat":[213,248,235],"product_tag":[],"class_list":["post-36589","product","type-product","status-publish","has-post-thumbnail","hentry","product_cat-produits-em-vendette","product_cat-occasion","product_cat-plaqueuse"],"_links":{"self":[{"href":"https:\/\/maquinassaomarcos.com\/fr\/wp-json\/wp\/v2\/product\/36589","targetHints":{"allow":["GET"]}}],"collection":[{"href":"https:\/\/maquinassaomarcos.com\/fr\/wp-json\/wp\/v2\/product"}],"about":[{"href":"https:\/\/maquinassaomarcos.com\/fr\/wp-json\/wp\/v2\/types\/product"}],"wp:featuredmedia":[{"embeddable":true,"href":"https:\/\/maquinassaomarcos.com\/fr\/wp-json\/wp\/v2\/media\/36576"}],"wp:attachment":[{"href":"https:\/\/maquinassaomarcos.com\/fr\/wp-json\/wp\/v2\/media?parent=36589"}],"wp:term":[{"taxonomy":"product_cat","embeddable":true,"href":"https:\/\/maquinassaomarcos.com\/fr\/wp-json\/wp\/v2\/product_cat?post=36589"},{"taxonomy":"product_tag","embeddable":true,"href":"https:\/\/maquinassaomarcos.com\/fr\/wp-json\/wp\/v2\/product_tag?post=36589"}],"curies":[{"name":"wp","href":"https:\/\/api.w.org\/{rel}","templated":true}]}}