{"id":37026,"date":"2025-12-12T16:29:35","date_gmt":"2025-12-12T16:32:00","guid":{"rendered":"https:\/\/maquinassaomarcos.com\/?post_type=product&#038;p=37026"},"modified":"2025-12-12T16:32:00","modified_gmt":"2025-12-12T16:32:00","slug":"scie-a-panneaux-horizontale-biesse-selco-sk-3","status":"publish","type":"product","link":"https:\/\/maquinassaomarcos.com\/fr\/produtos\/scie-a-panneaux-horizontale-biesse-selco-sk-3\/","title":{"rendered":"Scie \u00e0 Panneaux Horizontale BIESSE Selco SK 3"},"content":{"rendered":"<p data-start=\"3395\" data-end=\"3736\">La <strong data-start=\"3398\" data-end=\"3419\">BIESSE Selco SK 3<\/strong> est une <strong data-start=\"3428\" data-end=\"3477\">scie \u00e0 panneaux horizontale haute performance<\/strong>, con\u00e7ue pour la d\u00e9coupe rapide et pr\u00e9cise de panneaux en bois, MDF, agglom\u00e9r\u00e9 et autres mat\u00e9riaux d\u00e9riv\u00e9s.<br data-start=\"3584\" data-end=\"3587\" \/>Sa structure robuste et ses composants de haute qualit\u00e9 garantissent une pr\u00e9cision constante, m\u00eame dans les environnements de production intensifs.<\/p>\n<p data-start=\"3738\" data-end=\"3923\">\u00c9quip\u00e9e d\u2019un contr\u00f4le num\u00e9rique BIESSE et d\u2019un logiciel convivial, elle offre une grande productivit\u00e9, une pr\u00e9cision de coupe exceptionnelle et une facilit\u00e9 d\u2019utilisation remarquable.<\/p>\n<h3 data-start=\"3925\" data-end=\"3958\">Caract\u00e9ristiques Techniques :<\/h3>\n<ul data-start=\"3959\" data-end=\"4435\">\n<li data-start=\"3959\" data-end=\"3982\">\n<p data-start=\"3961\" data-end=\"3982\"><strong data-start=\"3961\" data-end=\"3973\">Marque :<\/strong> BIESSE<\/p>\n<\/li>\n<li data-start=\"3983\" data-end=\"4010\">\n<p data-start=\"3985\" data-end=\"4010\"><strong data-start=\"3985\" data-end=\"3997\">Mod\u00e8le :<\/strong> Selco SK 3<\/p>\n<\/li>\n<li data-start=\"4011\" data-end=\"4031\">\n<p data-start=\"4013\" data-end=\"4031\"><strong data-start=\"4013\" data-end=\"4024\">Ann\u00e9e :<\/strong> 2022<\/p>\n<\/li>\n<li data-start=\"4032\" data-end=\"4074\">\n<p data-start=\"4034\" data-end=\"4074\"><strong data-start=\"4034\" data-end=\"4044\">Type :<\/strong> Scie \u00e0 panneaux horizontale<\/p>\n<\/li>\n<li data-start=\"4075\" data-end=\"4130\">\n<p data-start=\"4077\" data-end=\"4130\"><strong data-start=\"4077\" data-end=\"4100\">Capacit\u00e9 de coupe :<\/strong> adapt\u00e9e aux grands panneaux<\/p>\n<\/li>\n<li data-start=\"4131\" data-end=\"4172\">\n<p data-start=\"4133\" data-end=\"4172\"><strong data-start=\"4133\" data-end=\"4155\">Vitesse de coupe :<\/strong> jusqu\u2019\u00e0 30 m\/s<\/p>\n<\/li>\n<li data-start=\"4173\" data-end=\"4197\">\n<p data-start=\"4175\" data-end=\"4197\"><strong data-start=\"4175\" data-end=\"4186\">Poids :<\/strong> 3 730 kg<\/p>\n<\/li>\n<li data-start=\"4198\" data-end=\"4240\">\n<p data-start=\"4200\" data-end=\"4240\"><strong data-start=\"4200\" data-end=\"4228\">Pression d\u2019air requise :<\/strong> 6,5\u20137 bar<\/p>\n<\/li>\n<li data-start=\"4241\" data-end=\"4280\">\n<p data-start=\"4243\" data-end=\"4280\"><strong data-start=\"4243\" data-end=\"4267\">Commande num\u00e9rique :<\/strong> BIESSE CNC<\/p>\n<\/li>\n<li data-start=\"4281\" data-end=\"4317\">\n<p data-start=\"4283\" data-end=\"4317\"><strong data-start=\"4283\" data-end=\"4315\">Syst\u00e8me d\u2019aspiration int\u00e9gr\u00e9<\/strong><\/p>\n<\/li>\n<li data-start=\"4318\" data-end=\"4401\">\n<p data-start=\"4320\" data-end=\"4401\"><strong data-start=\"4320\" data-end=\"4399\">Tables \u00e0 rouleaux et coussins d\u2019air pour un d\u00e9placement fluide des panneaux<\/strong><\/p>\n<\/li>\n<li data-start=\"4402\" data-end=\"4435\">\n<p data-start=\"4404\" data-end=\"4435\"><strong data-start=\"4404\" data-end=\"4435\">Structure en acier renforc\u00e9<\/strong><\/p>\n<\/li>\n<\/ul>\n<h3 data-start=\"4437\" data-end=\"4452\">Avantages :<\/h3>\n<ul data-start=\"4453\" data-end=\"4655\">\n<li data-start=\"4453\" data-end=\"4501\">\n<p data-start=\"4455\" data-end=\"4501\">Coupe nette et pr\u00e9cise, m\u00eame \u00e0 haute vitesse<\/p>\n<\/li>\n<li data-start=\"4502\" data-end=\"4556\">\n<p data-start=\"4504\" data-end=\"4556\">Id\u00e9ale pour les lignes de production industrielles<\/p>\n<\/li>\n<li data-start=\"4557\" data-end=\"4600\">\n<p data-start=\"4559\" data-end=\"4600\">Interface utilisateur simple et moderne<\/p>\n<\/li>\n<li data-start=\"4601\" data-end=\"4655\">\n<p data-start=\"4603\" data-end=\"4655\">Fiabilit\u00e9 et qualit\u00e9 reconnues de la marque BIESSE<\/p>\n<\/li>\n<\/ul>\n","protected":false},"excerpt":{"rendered":"<p>La BIESSE Selco SK 3 est une scie \u00e0 panneaux horizontale haute performance, con\u00e7ue pour la d\u00e9coupe rapide et pr\u00e9cise de panneaux en bois, MDF, agglom\u00e9r\u00e9 et autres mat\u00e9riaux d\u00e9riv\u00e9s.Sa structure robuste et ses composants de haute qualit\u00e9 garantissent une pr\u00e9cision constante, m\u00eame dans les environnements de production intensifs. \u00c9quip\u00e9e d\u2019un contr\u00f4le num\u00e9rique BIESSE et [&hellip;]<\/p>\n","protected":false},"featured_media":37022,"template":"","meta":[],"product_cat":[230,248],"product_tag":[],"class_list":["post-37026","product","type-product","status-publish","has-post-thumbnail","hentry","product_cat-coupe","product_cat-occasion"],"_links":{"self":[{"href":"https:\/\/maquinassaomarcos.com\/fr\/wp-json\/wp\/v2\/product\/37026","targetHints":{"allow":["GET"]}}],"collection":[{"href":"https:\/\/maquinassaomarcos.com\/fr\/wp-json\/wp\/v2\/product"}],"about":[{"href":"https:\/\/maquinassaomarcos.com\/fr\/wp-json\/wp\/v2\/types\/product"}],"wp:featuredmedia":[{"embeddable":true,"href":"https:\/\/maquinassaomarcos.com\/fr\/wp-json\/wp\/v2\/media\/37022"}],"wp:attachment":[{"href":"https:\/\/maquinassaomarcos.com\/fr\/wp-json\/wp\/v2\/media?parent=37026"}],"wp:term":[{"taxonomy":"product_cat","embeddable":true,"href":"https:\/\/maquinassaomarcos.com\/fr\/wp-json\/wp\/v2\/product_cat?post=37026"},{"taxonomy":"product_tag","embeddable":true,"href":"https:\/\/maquinassaomarcos.com\/fr\/wp-json\/wp\/v2\/product_tag?post=37026"}],"curies":[{"name":"wp","href":"https:\/\/api.w.org\/{rel}","templated":true}]}}