{"id":37058,"date":"2025-12-12T16:37:11","date_gmt":"2025-12-12T16:41:18","guid":{"rendered":"https:\/\/maquinassaomarcos.com\/?post_type=product&#038;p=37058"},"modified":"2025-12-12T16:41:19","modified_gmt":"2025-12-12T16:41:19","slug":"centre-dusinage-cnc-biesse-rover-c6","status":"publish","type":"product","link":"https:\/\/maquinassaomarcos.com\/fr\/produtos\/centre-dusinage-cnc-biesse-rover-c6\/","title":{"rendered":"Centre d\u2019Usinage CNC BIESSE Rover C6"},"content":{"rendered":"<p data-start=\"3156\" data-end=\"3377\">Le <strong data-start=\"3159\" data-end=\"3178\">BIESSE Rover C6<\/strong> est un <strong data-start=\"3186\" data-end=\"3228\">centre d\u2019usinage CNC haute performance<\/strong>, con\u00e7u pour le travail pr\u00e9cis et efficace de panneaux, portes, fa\u00e7ades de meubles et autres composants en bois, MDF, agglom\u00e9r\u00e9 et mat\u00e9riaux d\u00e9riv\u00e9s.<\/p>\n<p data-start=\"3379\" data-end=\"3766\">Cette machine se distingue par sa <strong data-start=\"3413\" data-end=\"3434\">structure robuste<\/strong>, sa grande pr\u00e9cision et sa flexibilit\u00e9 de production, ce qui la rend id\u00e9ale aussi bien pour la production en s\u00e9rie que pour les travaux sur mesure. Elle est \u00e9quip\u00e9e d\u2019une table \u00e0 vide avec ventouses, d\u2019un syst\u00e8me d\u2019aspiration int\u00e9gr\u00e9 et d\u2019une commande num\u00e9rique BIESSE, garantissant fiabilit\u00e9, rapidit\u00e9 et simplicit\u00e9 d\u2019utilisation.<\/p>\n<h4 data-start=\"3768\" data-end=\"3803\">Caract\u00e9ristiques Principales :<\/h4>\n<ul data-start=\"3804\" data-end=\"4268\">\n<li data-start=\"3804\" data-end=\"3823\">\n<p data-start=\"3806\" data-end=\"3823\">Marque : BIESSE<\/p>\n<\/li>\n<li data-start=\"3824\" data-end=\"3845\">\n<p data-start=\"3826\" data-end=\"3845\">Mod\u00e8le : Rover C6<\/p>\n<\/li>\n<li data-start=\"3846\" data-end=\"3891\">\n<p data-start=\"3848\" data-end=\"3891\">Type : Centre d\u2019usinage CNC pour panneaux<\/p>\n<\/li>\n<li data-start=\"3892\" data-end=\"3922\">\n<p data-start=\"3894\" data-end=\"3922\">Axes command\u00e9s : X, Y et Z<\/p>\n<\/li>\n<li data-start=\"3923\" data-end=\"3982\">\n<p data-start=\"3925\" data-end=\"3982\">T\u00eate de fraisage CNC avec changeur automatique d\u2019outils<\/p>\n<\/li>\n<li data-start=\"3983\" data-end=\"4028\">\n<p data-start=\"3985\" data-end=\"4028\">Unit\u00e9 de per\u00e7age verticale et horizontale<\/p>\n<\/li>\n<li data-start=\"4029\" data-end=\"4076\">\n<p data-start=\"4031\" data-end=\"4076\">Table \u00e0 vide avec ventouses et pompe \u00e0 vide<\/p>\n<\/li>\n<li data-start=\"4077\" data-end=\"4109\">\n<p data-start=\"4079\" data-end=\"4109\">Syst\u00e8me d\u2019aspiration int\u00e9gr\u00e9<\/p>\n<\/li>\n<li data-start=\"4110\" data-end=\"4197\">\n<p data-start=\"4112\" data-end=\"4197\">Commande num\u00e9rique BIESSE avec logiciel BiesseWorks \/ WoodWOP (selon configuration)<\/p>\n<\/li>\n<li data-start=\"4198\" data-end=\"4268\">\n<p data-start=\"4200\" data-end=\"4268\">Structure industrielle robuste, adapt\u00e9e \u00e0 une production intensive<\/p>\n<\/li>\n<\/ul>\n<h4 data-start=\"4270\" data-end=\"4286\">Avantages :<\/h4>\n<ul data-start=\"4287\" data-end=\"4467\">\n<li data-start=\"4287\" data-end=\"4323\">\n<p data-start=\"4289\" data-end=\"4323\">Grande pr\u00e9cision et r\u00e9p\u00e9tabilit\u00e9<\/p>\n<\/li>\n<li data-start=\"4324\" data-end=\"4355\">\n<p data-start=\"4326\" data-end=\"4355\">Large polyvalence d\u2019usinage<\/p>\n<\/li>\n<li data-start=\"4356\" data-end=\"4412\">\n<p data-start=\"4358\" data-end=\"4412\">Id\u00e9al pour l\u2019industrie du meuble et de la menuiserie<\/p>\n<\/li>\n<li data-start=\"4413\" data-end=\"4467\">\n<p data-start=\"4415\" data-end=\"4467\">Qualit\u00e9 et fiabilit\u00e9 reconnues de la marque BIESSE<\/p>\n<\/li>\n<\/ul>\n","protected":false},"excerpt":{"rendered":"<p>Le BIESSE Rover C6 est un centre d\u2019usinage CNC haute performance, con\u00e7u pour le travail pr\u00e9cis et efficace de panneaux, portes, fa\u00e7ades de meubles et autres composants en bois, MDF, agglom\u00e9r\u00e9 et mat\u00e9riaux d\u00e9riv\u00e9s. Cette machine se distingue par sa structure robuste, sa grande pr\u00e9cision et sa flexibilit\u00e9 de production, ce qui la rend id\u00e9ale [&hellip;]<\/p>\n","protected":false},"featured_media":37032,"template":"","meta":[],"product_cat":[229],"product_tag":[],"class_list":["post-37058","product","type-product","status-publish","has-post-thumbnail","hentry","product_cat-centre-dusinage"],"_links":{"self":[{"href":"https:\/\/maquinassaomarcos.com\/fr\/wp-json\/wp\/v2\/product\/37058","targetHints":{"allow":["GET"]}}],"collection":[{"href":"https:\/\/maquinassaomarcos.com\/fr\/wp-json\/wp\/v2\/product"}],"about":[{"href":"https:\/\/maquinassaomarcos.com\/fr\/wp-json\/wp\/v2\/types\/product"}],"wp:featuredmedia":[{"embeddable":true,"href":"https:\/\/maquinassaomarcos.com\/fr\/wp-json\/wp\/v2\/media\/37032"}],"wp:attachment":[{"href":"https:\/\/maquinassaomarcos.com\/fr\/wp-json\/wp\/v2\/media?parent=37058"}],"wp:term":[{"taxonomy":"product_cat","embeddable":true,"href":"https:\/\/maquinassaomarcos.com\/fr\/wp-json\/wp\/v2\/product_cat?post=37058"},{"taxonomy":"product_tag","embeddable":true,"href":"https:\/\/maquinassaomarcos.com\/fr\/wp-json\/wp\/v2\/product_tag?post=37058"}],"curies":[{"name":"wp","href":"https:\/\/api.w.org\/{rel}","templated":true}]}}